{"id":1084,"date":"2021-08-25T12:22:08","date_gmt":"2021-08-25T12:22:08","guid":{"rendered":"https:\/\/mstrade.eu\/ueber-uns\/"},"modified":"2022-02-04T08:53:38","modified_gmt":"2022-02-04T08:53:38","slug":"ueber-uns","status":"publish","type":"page","link":"https:\/\/mstrade.eu\/de\/ueber-uns\/","title":{"rendered":"\u00dcber uns"},"content":{"rendered":"\t\t<div data-elementor-type=\"wp-page\" data-elementor-id=\"1084\" class=\"elementor elementor-1084 elementor-159\" data-elementor-post-type=\"page\">\n\t\t\t\t\t\t<section class=\"elementor-section elementor-top-section elementor-element elementor-element-8aa8881 elementor-section-height-min-height elementor-section-items-stretch elementor-reverse-mobile elementor-section-boxed elementor-section-height-default\" data-id=\"8aa8881\" data-element_type=\"section\" data-e-type=\"section\">\n\t\t\t\t\t\t<div class=\"elementor-container elementor-column-gap-default\">\n\t\t\t\t\t<div class=\"elementor-column elementor-col-50 elementor-top-column elementor-element elementor-element-c0048ee\" data-id=\"c0048ee\" data-element_type=\"column\" data-e-type=\"column\">\n\t\t\t<div class=\"elementor-widget-wrap elementor-element-populated\">\n\t\t\t\t\t\t<div class=\"elementor-element elementor-element-c348ff1 elementor-widget elementor-widget-heading\" data-id=\"c348ff1\" data-element_type=\"widget\" data-e-type=\"widget\" data-widget_type=\"heading.default\">\n\t\t\t\t<div class=\"elementor-widget-container\">\n\t\t\t\t\t<h1 class=\"elementor-heading-title elementor-size-default\">\u00dcber uns<\/h1>\t\t\t\t<\/div>\n\t\t\t\t<\/div>\n\t\t\t\t<div class=\"elementor-element elementor-element-a60608e elementor-widget elementor-widget-text-editor\" data-id=\"a60608e\" data-element_type=\"widget\" data-e-type=\"widget\" data-widget_type=\"text-editor.default\">\n\t\t\t\t<div class=\"elementor-widget-container\">\n\t\t\t\t\t\t\t\t\t<p>Unsere Firma MS TRADE sro wurde 1997 als Familienberatungs- und Beratungsgesellschaft gegr\u00fcndet.<\/p><p>Im Jahr 2000 konzentrierten wir unsere Aktivit\u00e4ten auf den Au\u00dfenhandel, als wir begannen, Chemikalien aus Kanada zu importieren. Im Jahr 2001 begann unser Unternehmen mit dem Import und Vertrieb hochwertiger Gleitmittel auf Silikon- und Wasserbasis aus Deutschland.<\/p><p>Nach dem Beitritt der Tschechischen Republik zur Europ\u00e4ischen Union im Jahr 2004 weitete unser Familienunternehmen seine Aktivit\u00e4ten auf alle M\u00e4rkte der Mitgliedsstaaten der Europ\u00e4ischen Union aus.<\/p>\t\t\t\t\t\t\t\t<\/div>\n\t\t\t\t<\/div>\n\t\t\t\t\t<\/div>\n\t\t<\/div>\n\t\t\t\t<div class=\"elementor-column elementor-col-50 elementor-top-column elementor-element elementor-element-aac2b33\" data-id=\"aac2b33\" data-element_type=\"column\" data-e-type=\"column\" data-settings=\"{&quot;background_background&quot;:&quot;classic&quot;}\">\n\t\t\t<div class=\"elementor-widget-wrap elementor-element-populated\">\n\t\t\t\t\t\t<div class=\"elementor-element elementor-element-87ac2fd elementor-hidden-desktop elementor-hidden-tablet elementor-widget elementor-widget-spacer\" data-id=\"87ac2fd\" data-element_type=\"widget\" data-e-type=\"widget\" data-widget_type=\"spacer.default\">\n\t\t\t\t<div class=\"elementor-widget-container\">\n\t\t\t\t\t\t\t<div class=\"elementor-spacer\">\n\t\t\t<div class=\"elementor-spacer-inner\"><\/div>\n\t\t<\/div>\n\t\t\t\t\t\t<\/div>\n\t\t\t\t<\/div>\n\t\t\t\t\t<\/div>\n\t\t<\/div>\n\t\t\t\t\t<\/div>\n\t\t<\/section>\n\t\t\t\t<\/div>\n\t\t","protected":false},"excerpt":{"rendered":"<p>\u00dcber uns Unsere Firma MS TRADE sro wurde 1997 als Familienberatungs- und Beratungsgesellschaft gegr\u00fcndet. Im Jahr 2000 konzentrierten wir unsere Aktivit\u00e4ten auf den Au\u00dfenhandel, als wir begannen, Chemikalien aus Kanada zu importieren. Im Jahr 2001 begann unser Unternehmen mit dem Import und Vertrieb hochwertiger Gleitmittel auf Silikon- und Wasserbasis aus Deutschland. Nach dem Beitritt der [&hellip;]<\/p>\n","protected":false},"author":1,"featured_media":0,"parent":0,"menu_order":0,"comment_status":"closed","ping_status":"closed","template":"","meta":{"_acf_changed":false,"footnotes":""},"class_list":["post-1084","page","type-page","status-publish","hentry"],"acf":[],"_links":{"self":[{"href":"https:\/\/mstrade.eu\/de\/wp-json\/wp\/v2\/pages\/1084","targetHints":{"allow":["GET"]}}],"collection":[{"href":"https:\/\/mstrade.eu\/de\/wp-json\/wp\/v2\/pages"}],"about":[{"href":"https:\/\/mstrade.eu\/de\/wp-json\/wp\/v2\/types\/page"}],"author":[{"embeddable":true,"href":"https:\/\/mstrade.eu\/de\/wp-json\/wp\/v2\/users\/1"}],"replies":[{"embeddable":true,"href":"https:\/\/mstrade.eu\/de\/wp-json\/wp\/v2\/comments?post=1084"}],"version-history":[{"count":3,"href":"https:\/\/mstrade.eu\/de\/wp-json\/wp\/v2\/pages\/1084\/revisions"}],"predecessor-version":[{"id":1087,"href":"https:\/\/mstrade.eu\/de\/wp-json\/wp\/v2\/pages\/1084\/revisions\/1087"}],"wp:attachment":[{"href":"https:\/\/mstrade.eu\/de\/wp-json\/wp\/v2\/media?parent=1084"}],"curies":[{"name":"wp","href":"https:\/\/api.w.org\/{rel}","templated":true}]}}