{"id":1710,"date":"2024-05-17T07:29:11","date_gmt":"2024-05-17T07:29:11","guid":{"rendered":"https:\/\/mstrade.eu\/toilettepraeparate\/"},"modified":"2025-05-16T11:05:46","modified_gmt":"2025-05-16T11:05:46","slug":"toilettepraeparate","status":"publish","type":"page","link":"https:\/\/mstrade.eu\/de\/toilettepraeparate\/","title":{"rendered":"Toilettepr\u00e4parate"},"content":{"rendered":"\t\t<div data-elementor-type=\"wp-page\" data-elementor-id=\"1710\" class=\"elementor elementor-1710 elementor-1600\" data-elementor-post-type=\"page\">\n\t\t\t\t\t\t<section class=\"elementor-section elementor-top-section elementor-element elementor-element-45282ee elementor-section-boxed elementor-section-height-default elementor-section-height-default\" data-id=\"45282ee\" data-element_type=\"section\" data-e-type=\"section\">\n\t\t\t\t\t\t<div class=\"elementor-container elementor-column-gap-default\">\n\t\t\t\t\t<div class=\"elementor-column elementor-col-100 elementor-top-column elementor-element elementor-element-742d87b\" data-id=\"742d87b\" data-element_type=\"column\" data-e-type=\"column\">\n\t\t\t<div class=\"elementor-widget-wrap elementor-element-populated\">\n\t\t\t\t\t\t<div class=\"elementor-element elementor-element-96f7e29 elementor-widget elementor-widget-heading\" data-id=\"96f7e29\" data-element_type=\"widget\" data-e-type=\"widget\" data-widget_type=\"heading.default\">\n\t\t\t\t<div class=\"elementor-widget-container\">\n\t\t\t\t\t<h1 class=\"elementor-heading-title elementor-size-default\">Reinigungsmittel<\/h1>\t\t\t\t<\/div>\n\t\t\t\t<\/div>\n\t\t\t\t\t<\/div>\n\t\t<\/div>\n\t\t\t\t\t<\/div>\n\t\t<\/section>\n\t\t\t\t<section class=\"elementor-section elementor-top-section elementor-element elementor-element-b5d5139 elementor-section-boxed elementor-section-height-default elementor-section-height-default\" data-id=\"b5d5139\" data-element_type=\"section\" data-e-type=\"section\">\n\t\t\t\t\t\t<div class=\"elementor-container elementor-column-gap-default\">\n\t\t\t\t\t<div class=\"elementor-column elementor-col-50 elementor-top-column elementor-element elementor-element-0181d57\" data-id=\"0181d57\" data-element_type=\"column\" data-e-type=\"column\">\n\t\t\t<div class=\"elementor-widget-wrap elementor-element-populated\">\n\t\t\t\t\t\t<div class=\"elementor-element elementor-element-61e6f9d elementor-widget elementor-widget-text-editor\" data-id=\"61e6f9d\" data-element_type=\"widget\" data-e-type=\"widget\" data-widget_type=\"text-editor.default\">\n\t\t\t\t<div class=\"elementor-widget-container\">\n\t\t\t\t\t\t\t\t\t<h2>Gordon RUSH<\/h2>\n<p><b>Reinigungsmittel<\/b><\/p>\n<p><span style=\"font-weight: bolder;\">Anwendung:<\/span> Das Produkt mit einem Baumwolltuch auf die Oberfl\u00e4che des zu reinigenden Leders auftragen, leicht einreiben und 1-2 Minuten einwirken lassen. Die restliche Fl\u00fcssigkeit trocknen. Sie k\u00f6nnen den Vorgang wiederholen.  <\/p>\n<p><b>Es enth\u00e4lt:<\/b> Reactions mass of [2-methylbutyl nitrite, 2-methyl-1-butanol, 1-pentanol, pentyl nitrite] EC: 951-169-0<\/p>\n\t\t\t\t\t\t\t\t<\/div>\n\t\t\t\t<\/div>\n\t\t\t\t<div class=\"elementor-element elementor-element-808dcba elementor-widget elementor-widget-text-editor\" data-id=\"808dcba\" data-element_type=\"widget\" data-e-type=\"widget\" data-widget_type=\"text-editor.default\">\n\t\t\t\t<div class=\"elementor-widget-container\">\n\t\t\t\t\t\t\t\t\t<p><span style=\"color: inherit; font-family: inherit; font-size: 1.75rem;\">Gefahr<\/span><\/p>\n\t\t\t\t\t\t\t\t<\/div>\n\t\t\t\t<\/div>\n\t\t\t\t<div class=\"elementor-element elementor-element-162b20d elementor-widget elementor-widget-text-editor\" data-id=\"162b20d\" data-element_type=\"widget\" data-e-type=\"widget\" data-widget_type=\"text-editor.default\">\n\t\t\t\t<div class=\"elementor-widget-container\">\n\t\t\t\t\t\t\t\t\t<p><img decoding=\"async\" class=\"alignnone size-full wp-image-1613\" src=\"https:\/\/mstrade.eu\/wp-content\/uploads\/2024\/05\/1.png\" alt=\"\" width=\"67\" height=\"67\"><img decoding=\"async\" class=\"alignnone size-full wp-image-1617\" src=\"https:\/\/mstrade.eu\/wp-content\/uploads\/2024\/05\/2.png\" alt=\"\" width=\"65\" height=\"65\"><\/p>\n\t\t\t\t\t\t\t\t<\/div>\n\t\t\t\t<\/div>\n\t\t\t\t\t<\/div>\n\t\t<\/div>\n\t\t\t\t<div class=\"elementor-column elementor-col-50 elementor-top-column elementor-element elementor-element-d9f388f\" data-id=\"d9f388f\" data-element_type=\"column\" data-e-type=\"column\">\n\t\t\t<div class=\"elementor-widget-wrap elementor-element-populated\">\n\t\t\t\t\t\t<div class=\"elementor-element elementor-element-c89b829 elementor-invisible elementor-widget elementor-widget-image\" data-id=\"c89b829\" data-element_type=\"widget\" data-e-type=\"widget\" data-settings=\"{&quot;_animation&quot;:&quot;slideInRight&quot;}\" data-widget_type=\"image.default\">\n\t\t\t\t<div class=\"elementor-widget-container\">\n\t\t\t\t\t\t\t\t\t\t\t\t\t\t\t<img decoding=\"async\" src=\"https:\/\/mstrade.eu\/wp-content\/uploads\/elementor\/thumbs\/P1157993_1000px-r5w3ajjyt8jdlgdj4pwitp01xhik16qqv8vzwb6iv4.png\" title=\"P1157993_1000px\" alt=\"P1157993_1000px\" loading=\"lazy\" \/>\t\t\t\t\t\t\t\t\t\t\t\t\t\t\t<\/div>\n\t\t\t\t<\/div>\n\t\t\t\t\t<\/div>\n\t\t<\/div>\n\t\t\t\t\t<\/div>\n\t\t<\/section>\n\t\t\t\t<section class=\"elementor-section elementor-top-section elementor-element elementor-element-506281c elementor-section-boxed elementor-section-height-default elementor-section-height-default\" data-id=\"506281c\" data-element_type=\"section\" data-e-type=\"section\">\n\t\t\t\t\t\t<div class=\"elementor-container elementor-column-gap-default\">\n\t\t\t\t\t<div class=\"elementor-column elementor-col-50 elementor-top-column elementor-element elementor-element-94c0af2\" data-id=\"94c0af2\" data-element_type=\"column\" data-e-type=\"column\">\n\t\t\t<div class=\"elementor-widget-wrap elementor-element-populated\">\n\t\t\t\t\t\t<div class=\"elementor-element elementor-element-deef0c3 elementor-widget elementor-widget-text-editor\" data-id=\"deef0c3\" data-element_type=\"widget\" data-e-type=\"widget\" data-widget_type=\"text-editor.default\">\n\t\t\t\t<div class=\"elementor-widget-container\">\n\t\t\t\t\t\t\t\t\t<h2>Foam RUSH<\/h2>\n<p><b>Toilettepr\u00e4parat<\/b><\/p>\n<p><b>Anwendung:<\/b> <span style=\"font-family: var( --e-global-typography-text-font-family ), Sans-serif; font-weight: var( --e-global-typography-text-font-weight ); font-size: 1rem;\">Das Produkt mit einem Baumwolltuch auf die Oberfl\u00e4che des zu reinigenden Leders auftragen, leicht einreiben und 1-2 Minuten einwirken lassen. Die restliche Fl\u00fcssigkeit trocknen. Sie k\u00f6nnen den Vorgang wiederholen. Es entfernt effektiv Blut und Fette tierischen Ursprungs. Auch Kaffeeflecken.  <\/span><\/p>\n<h3><span style=\"font-family: var( --e-global-typography-text-font-family ), Sans-serif; font-size: 1rem; font-weight: bold;\">Es enth\u00e4lt<\/span><span style=\"font-family: var( --e-global-typography-text-font-family ), Sans-serif; font-size: 1rem; font-weight: bold;\">: <\/span><span style=\"font-family: var( --e-global-typography-text-font-family ), Sans-serif; font-weight: var( --e-global-typography-text-font-weight ); font-size: 1rem;\">Hexyl Nitrite; Hexan-1-ol; 1,1-Bis(hexyloxy)hexane <\/span> <\/h3>\n<p>UFI: V300-A06S-K00V-G02P<\/p>\n\t\t\t\t\t\t\t\t<\/div>\n\t\t\t\t<\/div>\n\t\t\t\t<div class=\"elementor-element elementor-element-95228bb elementor-widget elementor-widget-text-editor\" data-id=\"95228bb\" data-element_type=\"widget\" data-e-type=\"widget\" data-widget_type=\"text-editor.default\">\n\t\t\t\t<div class=\"elementor-widget-container\">\n\t\t\t\t\t\t\t\t\t<p><span style=\"color: inherit; font-family: inherit; font-size: 1.75rem;\">Gefahr<\/span><\/p>\n\t\t\t\t\t\t\t\t<\/div>\n\t\t\t\t<\/div>\n\t\t\t\t<div class=\"elementor-element elementor-element-647f2c5 elementor-widget elementor-widget-text-editor\" data-id=\"647f2c5\" data-element_type=\"widget\" data-e-type=\"widget\" data-widget_type=\"text-editor.default\">\n\t\t\t\t<div class=\"elementor-widget-container\">\n\t\t\t\t\t\t\t\t\t<p><img decoding=\"async\" class=\"alignnone size-full wp-image-1613\" src=\"https:\/\/mstrade.eu\/wp-content\/uploads\/2024\/05\/1.png\" alt=\"\" width=\"67\" height=\"67\"><img decoding=\"async\" class=\"alignnone wp-image-1625 \" src=\"https:\/\/mstrade.eu\/wp-content\/uploads\/2024\/05\/3-150x150.png\" alt=\"\" width=\"72\" height=\"72\" srcset=\"https:\/\/mstrade.eu\/wp-content\/uploads\/2024\/05\/3-150x150.png 150w, https:\/\/mstrade.eu\/wp-content\/uploads\/2024\/05\/3-300x300.png 300w, https:\/\/mstrade.eu\/wp-content\/uploads\/2024\/05\/3.png 724w\" sizes=\"(max-width: 72px) 100vw, 72px\" \/><\/p>\n\t\t\t\t\t\t\t\t<\/div>\n\t\t\t\t<\/div>\n\t\t\t\t\t<\/div>\n\t\t<\/div>\n\t\t\t\t<div class=\"elementor-column elementor-col-50 elementor-top-column elementor-element elementor-element-815b6ce\" data-id=\"815b6ce\" data-element_type=\"column\" data-e-type=\"column\">\n\t\t\t<div class=\"elementor-widget-wrap elementor-element-populated\">\n\t\t\t\t\t\t<div class=\"elementor-element elementor-element-593ce17 elementor-invisible elementor-widget elementor-widget-image\" data-id=\"593ce17\" data-element_type=\"widget\" data-e-type=\"widget\" data-settings=\"{&quot;_animation&quot;:&quot;slideInRight&quot;}\" data-widget_type=\"image.default\">\n\t\t\t\t<div class=\"elementor-widget-container\">\n\t\t\t\t\t\t\t\t\t\t\t\t\t\t\t<img decoding=\"async\" src=\"https:\/\/mstrade.eu\/wp-content\/uploads\/elementor\/thumbs\/P1157992-2_1000px-r5w3alfn6wly8oastqpryoiz499agky7ji6yuv3qio.png\" title=\"P1157992-2_1000px\" alt=\"P1157992-2_1000px\" loading=\"lazy\" \/>\t\t\t\t\t\t\t\t\t\t\t\t\t\t\t<\/div>\n\t\t\t\t<\/div>\n\t\t\t\t\t<\/div>\n\t\t<\/div>\n\t\t\t\t\t<\/div>\n\t\t<\/section>\n\t\t\t\t<section class=\"elementor-section elementor-top-section elementor-element elementor-element-5fa9c18 elementor-section-boxed elementor-section-height-default elementor-section-height-default\" data-id=\"5fa9c18\" data-element_type=\"section\" data-e-type=\"section\">\n\t\t\t\t\t\t<div class=\"elementor-container elementor-column-gap-default\">\n\t\t\t\t\t<div class=\"elementor-column elementor-col-50 elementor-top-column elementor-element elementor-element-2956876\" data-id=\"2956876\" data-element_type=\"column\" data-e-type=\"column\">\n\t\t\t<div class=\"elementor-widget-wrap elementor-element-populated\">\n\t\t\t\t\t\t<div class=\"elementor-element elementor-element-d19aed4 elementor-widget elementor-widget-text-editor\" data-id=\"d19aed4\" data-element_type=\"widget\" data-e-type=\"widget\" data-widget_type=\"text-editor.default\">\n\t\t\t\t<div class=\"elementor-widget-container\">\n\t\t\t\t\t\t\t\t\t<h2>Pure RUSH<\/h2>\n<p><span style=\"font-weight: bold;\">Toilettepr\u00e4parat<\/span><span style=\"font-weight: bolder;\"><br \/><\/span><\/p>\n<p><span style=\"font-weight: bolder;\">Anwendung:<\/span> Das Produkt mit einem Baumwolltuch auf die Oberfl\u00e4che des zu reinigenden Leders auftragen, leicht einreiben und 1-2 Minuten einwirken lassen. Die restliche Fl\u00fcssigkeit trocknen. Sie k\u00f6nnen den Vorgang wiederholen.  <\/p>\n<p><span style=\"font-weight: bold;\">Es enth\u00e4lt: <\/span>Reactions mass of [1-pentanol, 2-methyl-1-butanol, 2-methylbutyl nitrite, pentyl nitrite]<br \/><span style=\"font-family: var( --e-global-typography-text-font-family ), Sans-serif; font-weight: var( --e-global-typography-text-font-weight ); font-size: 1rem;\">ES: 951-169-0<\/span><\/p>\n\t\t\t\t\t\t\t\t<\/div>\n\t\t\t\t<\/div>\n\t\t\t\t<div class=\"elementor-element elementor-element-dbfbbc4 elementor-widget elementor-widget-text-editor\" data-id=\"dbfbbc4\" data-element_type=\"widget\" data-e-type=\"widget\" data-widget_type=\"text-editor.default\">\n\t\t\t\t<div class=\"elementor-widget-container\">\n\t\t\t\t\t\t\t\t\t<p><span style=\"color: inherit; font-family: inherit; font-size: 1.75rem;\">Gefahr<\/span><\/p>\n\t\t\t\t\t\t\t\t<\/div>\n\t\t\t\t<\/div>\n\t\t\t\t<div class=\"elementor-element elementor-element-61865ad elementor-widget elementor-widget-text-editor\" data-id=\"61865ad\" data-element_type=\"widget\" data-e-type=\"widget\" data-widget_type=\"text-editor.default\">\n\t\t\t\t<div class=\"elementor-widget-container\">\n\t\t\t\t\t\t\t\t\t<p><img decoding=\"async\" class=\"alignnone size-full wp-image-1613\" src=\"https:\/\/mstrade.eu\/wp-content\/uploads\/2024\/05\/1.png\" alt=\"\" width=\"67\" height=\"67\"><img decoding=\"async\" class=\"alignnone size-full wp-image-1617\" src=\"https:\/\/mstrade.eu\/wp-content\/uploads\/2024\/05\/2.png\" alt=\"\" width=\"65\" height=\"65\"><\/p>\n\t\t\t\t\t\t\t\t<\/div>\n\t\t\t\t<\/div>\n\t\t\t\t\t<\/div>\n\t\t<\/div>\n\t\t\t\t<div class=\"elementor-column elementor-col-50 elementor-top-column elementor-element elementor-element-58a079c\" data-id=\"58a079c\" data-element_type=\"column\" data-e-type=\"column\">\n\t\t\t<div class=\"elementor-widget-wrap elementor-element-populated\">\n\t\t\t\t\t\t<div class=\"elementor-element elementor-element-d35919d elementor-invisible elementor-widget elementor-widget-image\" data-id=\"d35919d\" data-element_type=\"widget\" data-e-type=\"widget\" data-settings=\"{&quot;_animation&quot;:&quot;slideInRight&quot;}\" data-widget_type=\"image.default\">\n\t\t\t\t<div class=\"elementor-widget-container\">\n\t\t\t\t\t\t\t\t\t\t\t\t\t\t\t<img decoding=\"async\" src=\"https:\/\/mstrade.eu\/wp-content\/uploads\/elementor\/thumbs\/P1157994_1000px-r5w3as0iiquyhy18rbk5y4v79ycuygobwerd7stzb4.png\" title=\"P1157994_1000px\" alt=\"P1157994_1000px\" loading=\"lazy\" \/>\t\t\t\t\t\t\t\t\t\t\t\t\t\t\t<\/div>\n\t\t\t\t<\/div>\n\t\t\t\t\t<\/div>\n\t\t<\/div>\n\t\t\t\t\t<\/div>\n\t\t<\/section>\n\t\t\t\t<\/div>\n\t\t","protected":false},"excerpt":{"rendered":"<p>Reinigungsmittel Gordon RUSH Reinigungsmittel Anwendung: Das Produkt mit einem Baumwolltuch auf die Oberfl\u00e4che des zu reinigenden Leders auftragen, leicht einreiben und 1-2 Minuten einwirken lassen. Die restliche Fl\u00fcssigkeit trocknen. Sie k\u00f6nnen den Vorgang wiederholen. Es enth\u00e4lt: Reactions mass of [2-methylbutyl nitrite, 2-methyl-1-butanol, 1-pentanol, pentyl nitrite] EC: 951-169-0 Gefahr Foam RUSH Toilettepr\u00e4parat Anwendung: Das Produkt mit [&hellip;]<\/p>\n","protected":false},"author":4,"featured_media":0,"parent":0,"menu_order":0,"comment_status":"closed","ping_status":"closed","template":"elementor_header_footer","meta":{"_acf_changed":false,"footnotes":""},"class_list":["post-1710","page","type-page","status-publish","hentry"],"acf":[],"_links":{"self":[{"href":"https:\/\/mstrade.eu\/de\/wp-json\/wp\/v2\/pages\/1710","targetHints":{"allow":["GET"]}}],"collection":[{"href":"https:\/\/mstrade.eu\/de\/wp-json\/wp\/v2\/pages"}],"about":[{"href":"https:\/\/mstrade.eu\/de\/wp-json\/wp\/v2\/types\/page"}],"author":[{"embeddable":true,"href":"https:\/\/mstrade.eu\/de\/wp-json\/wp\/v2\/users\/4"}],"replies":[{"embeddable":true,"href":"https:\/\/mstrade.eu\/de\/wp-json\/wp\/v2\/comments?post=1710"}],"version-history":[{"count":3,"href":"https:\/\/mstrade.eu\/de\/wp-json\/wp\/v2\/pages\/1710\/revisions"}],"predecessor-version":[{"id":1736,"href":"https:\/\/mstrade.eu\/de\/wp-json\/wp\/v2\/pages\/1710\/revisions\/1736"}],"wp:attachment":[{"href":"https:\/\/mstrade.eu\/de\/wp-json\/wp\/v2\/media?parent=1710"}],"curies":[{"name":"wp","href":"https:\/\/api.w.org\/{rel}","templated":true}]}}