{"id":1090,"date":"2021-09-01T07:20:17","date_gmt":"2021-09-01T07:20:17","guid":{"rendered":"https:\/\/mstrade.eu\/personal-lubricants\/"},"modified":"2022-03-15T20:26:10","modified_gmt":"2022-03-15T20:26:10","slug":"personal-lubricants","status":"publish","type":"page","link":"https:\/\/mstrade.eu\/en\/personal-lubricants\/","title":{"rendered":"Personal lubricants"},"content":{"rendered":"\t\t<div data-elementor-type=\"wp-page\" data-elementor-id=\"1090\" class=\"elementor elementor-1090\" data-elementor-post-type=\"page\">\n\t\t\t\t\t\t<section class=\"elementor-section elementor-top-section elementor-element elementor-element-e9383c4 elementor-section-height-min-height elementor-section-items-stretch elementor-reverse-mobile elementor-section-boxed elementor-section-height-default\" data-id=\"e9383c4\" data-element_type=\"section\" data-e-type=\"section\">\n\t\t\t\t\t\t<div class=\"elementor-container elementor-column-gap-default\">\n\t\t\t\t\t<div class=\"elementor-column elementor-col-50 elementor-top-column elementor-element elementor-element-4cafaef\" data-id=\"4cafaef\" data-element_type=\"column\" data-e-type=\"column\">\n\t\t\t<div class=\"elementor-widget-wrap elementor-element-populated\">\n\t\t\t\t\t\t<div class=\"elementor-element elementor-element-8ad9145 elementor-widget elementor-widget-heading\" data-id=\"8ad9145\" data-element_type=\"widget\" data-e-type=\"widget\" data-widget_type=\"heading.default\">\n\t\t\t\t<div class=\"elementor-widget-container\">\n\t\t\t\t\t<h1 class=\"elementor-heading-title elementor-size-default\">Personal lubricants<\/h1>\t\t\t\t<\/div>\n\t\t\t\t<\/div>\n\t\t\t\t<div class=\"elementor-element elementor-element-1afaa90 elementor-widget elementor-widget-text-editor\" data-id=\"1afaa90\" data-element_type=\"widget\" data-e-type=\"widget\" data-widget_type=\"text-editor.default\">\n\t\t\t\t<div class=\"elementor-widget-container\">\n\t\t\t\t\t\t\t\t\t<table class=\"custom-table-3\">\n<tbody>\n<tr id=\"link-medical-silk\">\n<td class=\"notranslate\">DOER MEDICAL\u00ae SILK<\/td>\n<\/tr>\n<tr id=\"link-medical-aloe\">\n<td class=\"notranslate\">DOER MEDICAL\u00ae ALOE VERA &amp; VITAMIN E<\/td>\n<\/tr>\n<tr id=\"link-glide\">\n<td class=\"notranslate\">GLIDE\u00ae 4 YOU<\/td>\n<\/tr>\n\n<\/tr>\n<\/tbody>\n<\/table>\t\t\t\t\t\t\t\t<\/div>\n\t\t\t\t<\/div>\n\t\t\t\t\t<\/div>\n\t\t<\/div>\n\t\t\t\t<div class=\"elementor-column elementor-col-50 elementor-top-column elementor-element elementor-element-d78dffa\" data-id=\"d78dffa\" data-element_type=\"column\" data-e-type=\"column\" data-settings=\"{&quot;background_background&quot;:&quot;classic&quot;}\">\n\t\t\t<div class=\"elementor-widget-wrap elementor-element-populated\">\n\t\t\t\t\t\t<div class=\"elementor-element elementor-element-898ed34 elementor-hidden-desktop elementor-hidden-tablet elementor-widget elementor-widget-spacer\" data-id=\"898ed34\" data-element_type=\"widget\" data-e-type=\"widget\" data-widget_type=\"spacer.default\">\n\t\t\t\t<div class=\"elementor-widget-container\">\n\t\t\t\t\t\t\t<div class=\"elementor-spacer\">\n\t\t\t<div class=\"elementor-spacer-inner\"><\/div>\n\t\t<\/div>\n\t\t\t\t\t\t<\/div>\n\t\t\t\t<\/div>\n\t\t\t\t\t<\/div>\n\t\t<\/div>\n\t\t\t\t\t<\/div>\n\t\t<\/section>\n\t\t\t\t<section class=\"elementor-section elementor-top-section elementor-element elementor-element-9e77f80 elementor-hidden-desktop elementor-hidden-tablet elementor-hidden-mobile elementor-section-boxed elementor-section-height-default elementor-section-height-default\" data-id=\"9e77f80\" data-element_type=\"section\" data-e-type=\"section\">\n\t\t\t\t\t\t<div class=\"elementor-container elementor-column-gap-default\">\n\t\t\t\t\t<div class=\"elementor-column elementor-col-100 elementor-top-column elementor-element elementor-element-91cf355\" data-id=\"91cf355\" data-element_type=\"column\" data-e-type=\"column\">\n\t\t\t<div class=\"elementor-widget-wrap elementor-element-populated\">\n\t\t\t\t\t\t<div class=\"elementor-element elementor-element-f5f44bf elementor-widget elementor-widget-template\" data-id=\"f5f44bf\" data-element_type=\"widget\" data-e-type=\"widget\" data-widget_type=\"template.default\">\n\t\t\t\t<div class=\"elementor-widget-container\">\n\t\t\t\t\t\t\t<div class=\"elementor-template\">\n\t\t\t\t\t<div data-elementor-type=\"section\" data-elementor-id=\"427\" class=\"elementor elementor-427\" data-elementor-post-type=\"elementor_library\">\n\t\t\t\t\t<section class=\"elementor-section elementor-top-section elementor-element elementor-element-70b151a0 elementor-section-boxed elementor-section-height-default elementor-section-height-default\" data-id=\"70b151a0\" data-element_type=\"section\" data-e-type=\"section\">\n\t\t\t\t\t\t<div class=\"elementor-container elementor-column-gap-default\">\n\t\t\t\t\t<div class=\"elementor-column elementor-col-100 elementor-top-column elementor-element elementor-element-314f7b05\" data-id=\"314f7b05\" data-element_type=\"column\" data-e-type=\"column\">\n\t\t\t<div class=\"elementor-widget-wrap elementor-element-populated\">\n\t\t\t\t\t\t<div class=\"elementor-element elementor-element-358cf2b3 elementor-widget elementor-widget-heading\" data-id=\"358cf2b3\" data-element_type=\"widget\" data-e-type=\"widget\" data-widget_type=\"heading.default\">\n\t\t\t\t<div class=\"elementor-widget-container\">\n\t\t\t\t\t<h2 class=\"elementor-heading-title elementor-size-default\">Na\u0161e produkty distribuuj\u00ed tyto l\u00e9k\u00e1rensk\u00e9 velkoobchody<\/h2>\t\t\t\t<\/div>\n\t\t\t\t<\/div>\n\t\t\t\t<section class=\"elementor-section elementor-inner-section elementor-element elementor-element-486bf3aa elementor-section-boxed elementor-section-height-default elementor-section-height-default\" data-id=\"486bf3aa\" data-element_type=\"section\" data-e-type=\"section\">\n\t\t\t\t\t\t<div class=\"elementor-container elementor-column-gap-default\">\n\t\t\t\t\t<div class=\"elementor-column elementor-col-50 elementor-inner-column elementor-element elementor-element-3f7edb32\" data-id=\"3f7edb32\" data-element_type=\"column\" data-e-type=\"column\">\n\t\t\t<div class=\"elementor-widget-wrap elementor-element-populated\">\n\t\t\t\t\t\t<div class=\"elementor-element elementor-element-f993655 elementor-widget elementor-widget-image\" data-id=\"f993655\" data-element_type=\"widget\" data-e-type=\"widget\" data-widget_type=\"image.default\">\n\t\t\t\t<div class=\"elementor-widget-container\">\n\t\t\t\t\t\t\t\t\t\t\t\t\t\t\t\t<a href=\"https:\/\/www.alliance-healthcare.cz\/wps\/portal\/ah\" target=\"_blank\">\n\t\t\t\t\t\t\t<img decoding=\"async\" width=\"260\" height=\"99\" src=\"https:\/\/mstrade.eu\/wp-content\/uploads\/2021\/08\/Group-1659.png\" class=\"attachment-large size-large wp-image-898\" alt=\"\" \/>\t\t\t\t\t\t\t\t<\/a>\n\t\t\t\t\t\t\t\t\t\t\t\t\t\t\t<\/div>\n\t\t\t\t<\/div>\n\t\t\t\t\t<\/div>\n\t\t<\/div>\n\t\t\t\t<div class=\"elementor-column elementor-col-50 elementor-inner-column elementor-element elementor-element-2f991bf8\" data-id=\"2f991bf8\" data-element_type=\"column\" data-e-type=\"column\">\n\t\t\t<div class=\"elementor-widget-wrap elementor-element-populated\">\n\t\t\t\t\t\t<div class=\"elementor-element elementor-element-155e52a4 elementor-widget elementor-widget-image\" data-id=\"155e52a4\" data-element_type=\"widget\" data-e-type=\"widget\" data-widget_type=\"image.default\">\n\t\t\t\t<div class=\"elementor-widget-container\">\n\t\t\t\t\t\t\t\t\t\t\t\t\t\t\t\t<a href=\"http:\/\/www.phoenix.cz\/\" target=\"_blank\">\n\t\t\t\t\t\t\t<img decoding=\"async\" width=\"194\" height=\"74\" src=\"https:\/\/mstrade.eu\/wp-content\/uploads\/2021\/09\/Group-1674.png\" class=\"attachment-large size-large wp-image-966\" alt=\"\" \/>\t\t\t\t\t\t\t\t<\/a>\n\t\t\t\t\t\t\t\t\t\t\t\t\t\t\t<\/div>\n\t\t\t\t<\/div>\n\t\t\t\t\t<\/div>\n\t\t<\/div>\n\t\t\t\t\t<\/div>\n\t\t<\/section>\n\t\t\t\t\t<\/div>\n\t\t<\/div>\n\t\t\t\t\t<\/div>\n\t\t<\/section>\n\t\t\t\t<\/div>\n\t\t\t\t<\/div>\n\t\t\t\t\t\t<\/div>\n\t\t\t\t<\/div>\n\t\t\t\t\t<\/div>\n\t\t<\/div>\n\t\t\t\t\t<\/div>\n\t\t<\/section>\n\t\t\t\t<section class=\"elementor-section elementor-top-section elementor-element elementor-element-c831828 elementor-section-full_width elementor-section-height-default elementor-section-height-default\" data-id=\"c831828\" data-element_type=\"section\" data-e-type=\"section\" id=\"medical-silk\" data-settings=\"{&quot;background_background&quot;:&quot;classic&quot;}\">\n\t\t\t\t\t\t<div class=\"elementor-container elementor-column-gap-default\">\n\t\t\t\t\t<div class=\"elementor-column elementor-col-50 elementor-top-column elementor-element elementor-element-aad3afb\" data-id=\"aad3afb\" data-element_type=\"column\" data-e-type=\"column\">\n\t\t\t<div class=\"elementor-widget-wrap elementor-element-populated\">\n\t\t\t\t\t\t<div class=\"elementor-element elementor-element-38fe611 notranslate elementor-widget elementor-widget-heading\" data-id=\"38fe611\" data-element_type=\"widget\" data-e-type=\"widget\" data-widget_type=\"heading.default\">\n\t\t\t\t<div class=\"elementor-widget-container\">\n\t\t\t\t\t<h2 class=\"elementor-heading-title elementor-size-default\">DOER MEDICAL\u00ae SILK<\/h2>\t\t\t\t<\/div>\n\t\t\t\t<\/div>\n\t\t\t\t<div class=\"elementor-element elementor-element-08efd1b elementor-widget elementor-widget-text-editor\" data-id=\"08efd1b\" data-element_type=\"widget\" data-e-type=\"widget\" data-widget_type=\"text-editor.default\">\n\t\t\t\t<div class=\"elementor-widget-container\">\n\t\t\t\t\t\t\t\t\tDoer Medical\u00ae Silk  is a silicon-based medical lubricant specially designed for women, provides extra long lasting lubrication, never gets sticky, lumpy nor dries out. Oil-free, fat-free, water-free, fragrance-free, non-pore blocking, preservatives-free. Effectively solves first signs of vaginal dryness. Protects vagina while using tampons or pampers. Enhances your personal welfare! Also ideal for use as a massage lubricant. Leaves your skin silky soft and smooth. \nDirections for use: Apply desired amount (only a few drops needed) to any area of the body, where extra lubrication or moisture is desired. Very cost efficient. Safe for daily use. Advice:  Store in room temperature. Do not expose to direct sunlight. Not a contraceptive. Suitable for use with latex condoms! Notably enhances intimate feelings of both partners.\n\t\t\t\t\t\t\t\t<\/div>\n\t\t\t\t<\/div>\n\t\t\t\t<div class=\"elementor-element elementor-element-407eb59 custom-table-2 elementor-widget elementor-widget-text-editor\" data-id=\"407eb59\" data-element_type=\"widget\" data-e-type=\"widget\" data-widget_type=\"text-editor.default\">\n\t\t\t\t<div class=\"elementor-widget-container\">\n\t\t\t\t\t\t\t\t\t<table>\n<tbody>\n<tr>\n<td>Package:<\/td>\n<td>30 ml nebo 100 ml<\/td>\n<\/tr>\n<tr>\n<td>Ingredients (INCI):<\/td>\n<td>Dimethicone a Dimethiconol<\/td>\n<\/tr>\n<\/tbody>\n<\/table>\t\t\t\t\t\t\t\t<\/div>\n\t\t\t\t<\/div>\n\t\t\t\t\t<\/div>\n\t\t<\/div>\n\t\t\t\t<div class=\"elementor-column elementor-col-50 elementor-top-column elementor-element elementor-element-6b496f9\" data-id=\"6b496f9\" data-element_type=\"column\" data-e-type=\"column\" data-settings=\"{&quot;background_background&quot;:&quot;classic&quot;}\">\n\t\t\t<div class=\"elementor-widget-wrap elementor-element-populated\">\n\t\t\t\t\t\t<div class=\"elementor-element elementor-element-1ecfdf7 elementor-hidden-desktop elementor-hidden-tablet elementor-widget elementor-widget-spacer\" data-id=\"1ecfdf7\" data-element_type=\"widget\" data-e-type=\"widget\" data-widget_type=\"spacer.default\">\n\t\t\t\t<div class=\"elementor-widget-container\">\n\t\t\t\t\t\t\t<div class=\"elementor-spacer\">\n\t\t\t<div class=\"elementor-spacer-inner\"><\/div>\n\t\t<\/div>\n\t\t\t\t\t\t<\/div>\n\t\t\t\t<\/div>\n\t\t\t\t\t<\/div>\n\t\t<\/div>\n\t\t\t\t\t<\/div>\n\t\t<\/section>\n\t\t\t\t<section class=\"elementor-section elementor-top-section elementor-element elementor-element-a966d5f elementor-section-full_width elementor-section-height-default elementor-section-height-default\" data-id=\"a966d5f\" data-element_type=\"section\" data-e-type=\"section\" id=\"aloe-vera\" data-settings=\"{&quot;background_background&quot;:&quot;classic&quot;}\">\n\t\t\t\t\t\t<div class=\"elementor-container elementor-column-gap-default\">\n\t\t\t\t\t<div class=\"elementor-column elementor-col-50 elementor-top-column elementor-element elementor-element-0f93250\" data-id=\"0f93250\" data-element_type=\"column\" data-e-type=\"column\" data-settings=\"{&quot;background_background&quot;:&quot;classic&quot;}\">\n\t\t\t<div class=\"elementor-widget-wrap elementor-element-populated\">\n\t\t\t\t\t\t<div class=\"elementor-element elementor-element-bb3eba3 elementor-hidden-desktop elementor-hidden-tablet elementor-widget elementor-widget-spacer\" data-id=\"bb3eba3\" data-element_type=\"widget\" data-e-type=\"widget\" data-widget_type=\"spacer.default\">\n\t\t\t\t<div class=\"elementor-widget-container\">\n\t\t\t\t\t\t\t<div class=\"elementor-spacer\">\n\t\t\t<div class=\"elementor-spacer-inner\"><\/div>\n\t\t<\/div>\n\t\t\t\t\t\t<\/div>\n\t\t\t\t<\/div>\n\t\t\t\t\t<\/div>\n\t\t<\/div>\n\t\t\t\t<div class=\"elementor-column elementor-col-50 elementor-top-column elementor-element elementor-element-4726e7e\" data-id=\"4726e7e\" data-element_type=\"column\" data-e-type=\"column\">\n\t\t\t<div class=\"elementor-widget-wrap elementor-element-populated\">\n\t\t\t\t\t\t<div class=\"elementor-element elementor-element-c787f47 notranslate elementor-widget elementor-widget-heading\" data-id=\"c787f47\" data-element_type=\"widget\" data-e-type=\"widget\" data-widget_type=\"heading.default\">\n\t\t\t\t<div class=\"elementor-widget-container\">\n\t\t\t\t\t<h2 class=\"elementor-heading-title elementor-size-default\">DOER MEDICAL\u00ae<br> ALOE VERA &amp; VITAMIN E<\/h2>\t\t\t\t<\/div>\n\t\t\t\t<\/div>\n\t\t\t\t<div class=\"elementor-element elementor-element-0b9c910 elementor-widget elementor-widget-text-editor\" data-id=\"0b9c910\" data-element_type=\"widget\" data-e-type=\"widget\" data-widget_type=\"text-editor.default\">\n\t\t\t\t<div class=\"elementor-widget-container\">\n\t\t\t\t\t\t\t\t\tDOER MEDICAL\u00aeALOE VERA &#038; VITAMIN E  is a medical lubricant based on the Doer Medical Silk bases, enriched by Aloe Vera and Vitamin E. Specially designed for women, provides extra long lasting lubrication, never gets sticky, lumpy or dries out. Oil-free, fat-free, water-free, fragrance-free, non-pore blocking, preservatives-free. Effectively solves first signs of vaginal dryness. Protects vagina while using tampons or pampers. Enhances your personal welfare! Also ideal for use as a massage lubricant. Leaves your skin silky soft and smooth. \nDirections for use: Apply desired amount (only a few drops needed) to any area of the body, where extra lubrication or moisture is desired. Very cost efficient. Safe for daily use. Advice:  Store in room temperature. Do not expose to direct sunlight. Not a contraceptive. Suitable for use with latex condoms! Notably enhances intimate feelings of both partners.\n\t\t\t\t\t\t\t\t<\/div>\n\t\t\t\t<\/div>\n\t\t\t\t<div class=\"elementor-element elementor-element-85c2574 custom-table-2 elementor-widget elementor-widget-text-editor\" data-id=\"85c2574\" data-element_type=\"widget\" data-e-type=\"widget\" data-widget_type=\"text-editor.default\">\n\t\t\t\t<div class=\"elementor-widget-container\">\n\t\t\t\t\t\t\t\t\t\n<table>\n<tbody>\n<tr>\n<td>Package:<\/td>\n<td>30 ml \u2013 k\u00f3d PDK 2457795 \/\n100 ml \u2013 k\u00f3d PDK 2457811<\/td>\n<\/tr>\n<td>Ingredients (INCI):<\/td>\n<td>Dimethicone, Dimethiconol, Glycine Soja Aloe Barbadensis, Tocopherol<\/td>\n<\/tr>\n<\/tbody>\n<\/table>\t\t\t\t\t\t\t\t<\/div>\n\t\t\t\t<\/div>\n\t\t\t\t\t<\/div>\n\t\t<\/div>\n\t\t\t\t\t<\/div>\n\t\t<\/section>\n\t\t\t\t<section class=\"elementor-section elementor-top-section elementor-element elementor-element-aa8ae7e elementor-section-full_width elementor-section-height-default elementor-section-height-default\" data-id=\"aa8ae7e\" data-element_type=\"section\" data-e-type=\"section\" id=\"glide\" data-settings=\"{&quot;background_background&quot;:&quot;classic&quot;}\">\n\t\t\t\t\t\t<div class=\"elementor-container elementor-column-gap-default\">\n\t\t\t\t\t<div class=\"elementor-column elementor-col-50 elementor-top-column elementor-element elementor-element-092c4ae\" data-id=\"092c4ae\" data-element_type=\"column\" data-e-type=\"column\" data-settings=\"{&quot;background_background&quot;:&quot;classic&quot;}\">\n\t\t\t<div class=\"elementor-widget-wrap elementor-element-populated\">\n\t\t\t\t\t\t<div class=\"elementor-element elementor-element-bd148b1 elementor-hidden-desktop elementor-hidden-tablet elementor-widget elementor-widget-spacer\" data-id=\"bd148b1\" data-element_type=\"widget\" data-e-type=\"widget\" data-widget_type=\"spacer.default\">\n\t\t\t\t<div class=\"elementor-widget-container\">\n\t\t\t\t\t\t\t<div class=\"elementor-spacer\">\n\t\t\t<div class=\"elementor-spacer-inner\"><\/div>\n\t\t<\/div>\n\t\t\t\t\t\t<\/div>\n\t\t\t\t<\/div>\n\t\t\t\t\t<\/div>\n\t\t<\/div>\n\t\t\t\t<div class=\"elementor-column elementor-col-50 elementor-top-column elementor-element elementor-element-662850f\" data-id=\"662850f\" data-element_type=\"column\" data-e-type=\"column\">\n\t\t\t<div class=\"elementor-widget-wrap elementor-element-populated\">\n\t\t\t\t\t\t<div class=\"elementor-element elementor-element-924d36b notranslate elementor-widget elementor-widget-heading\" data-id=\"924d36b\" data-element_type=\"widget\" data-e-type=\"widget\" data-widget_type=\"heading.default\">\n\t\t\t\t<div class=\"elementor-widget-container\">\n\t\t\t\t\t<h2 class=\"elementor-heading-title elementor-size-default\">GLIDE\u00ae 4 YOU<\/h2>\t\t\t\t<\/div>\n\t\t\t\t<\/div>\n\t\t\t\t<div class=\"elementor-element elementor-element-f6551cf elementor-widget elementor-widget-text-editor\" data-id=\"f6551cf\" data-element_type=\"widget\" data-e-type=\"widget\" data-widget_type=\"text-editor.default\">\n\t\t\t\t<div class=\"elementor-widget-container\">\n\t\t\t\t\t\t\t\t\tis a silicone-based medical lubricant that improves lubrication during intimate intercourse. Due to its oil- and grease-free formula, GLIDE4YOU is long-lasting, breathable and very conomical.  GLIDE4YOU does not dry out and leaves a velvety feeling on the skin.  GLIDE4YOU is colourless, odourless, tasteless and free of preservatives.\n\nApplication:\nApply as much and as often as desired GLIDE4YOU to the areas of the body where you want extra lubrication. Enjoy the velvety soft feeling of GLIDE4YOU on your skin.\nHints:\nGLIDE4YOU is suitable for use with latex condoms.\nGLIDE4YOU is dermatologically tested for skin and mucous membrane compatibility.\nGLIDE4YOU is anti-allergenic\nGLIDE4YOU is not a contraceptive\nGLIDE4YOU can be easily washed off the skin with soap.\n\t\t\t\t\t\t\t\t<\/div>\n\t\t\t\t<\/div>\n\t\t\t\t<div class=\"elementor-element elementor-element-e3f7f67 custom-table-2 elementor-widget elementor-widget-text-editor\" data-id=\"e3f7f67\" data-element_type=\"widget\" data-e-type=\"widget\" data-widget_type=\"text-editor.default\">\n\t\t\t\t<div class=\"elementor-widget-container\">\n\t\t\t\t\t\t\t\t\t<table><tbody><tr><td>Balen\u00ed<\/td><td>100 ml<\/td><\/tr><tr><td>Slo\u017een\u00ed p\u0159\u00edpravku<\/td><td>Dimethicone a Dimethiconol<\/td><\/tr><\/tbody><\/table>\t\t\t\t\t\t\t\t<\/div>\n\t\t\t\t<\/div>\n\t\t\t\t\t<\/div>\n\t\t<\/div>\n\t\t\t\t\t<\/div>\n\t\t<\/section>\n\t\t\t\t<\/div>\n\t\t","protected":false},"excerpt":{"rendered":"<p>Personal lubricants DOER MEDICAL\u00ae SILK DOER MEDICAL\u00ae ALOE VERA &amp; VITAMIN E GLIDE\u00ae 4 YOU DOER MEDICAL\u00ae SILK Doer Medical\u00ae Silk is a silicon-based medical lubricant specially designed for women, provides extra long lasting lubrication, never gets sticky, lumpy nor dries out. Oil-free, fat-free, water-free, fragrance-free, non-pore blocking, preservatives-free. Effectively solves first signs of vaginal [&hellip;]<\/p>\n","protected":false},"author":1,"featured_media":0,"parent":0,"menu_order":0,"comment_status":"closed","ping_status":"closed","template":"","meta":{"_acf_changed":false,"footnotes":""},"class_list":["post-1090","page","type-page","status-publish","hentry"],"acf":[],"_links":{"self":[{"href":"https:\/\/mstrade.eu\/en\/wp-json\/wp\/v2\/pages\/1090","targetHints":{"allow":["GET"]}}],"collection":[{"href":"https:\/\/mstrade.eu\/en\/wp-json\/wp\/v2\/pages"}],"about":[{"href":"https:\/\/mstrade.eu\/en\/wp-json\/wp\/v2\/types\/page"}],"author":[{"embeddable":true,"href":"https:\/\/mstrade.eu\/en\/wp-json\/wp\/v2\/users\/1"}],"replies":[{"embeddable":true,"href":"https:\/\/mstrade.eu\/en\/wp-json\/wp\/v2\/comments?post=1090"}],"version-history":[{"count":20,"href":"https:\/\/mstrade.eu\/en\/wp-json\/wp\/v2\/pages\/1090\/revisions"}],"predecessor-version":[{"id":1305,"href":"https:\/\/mstrade.eu\/en\/wp-json\/wp\/v2\/pages\/1090\/revisions\/1305"}],"wp:attachment":[{"href":"https:\/\/mstrade.eu\/en\/wp-json\/wp\/v2\/media?parent=1090"}],"curies":[{"name":"wp","href":"https:\/\/api.w.org\/{rel}","templated":true}]}}