{"id":1098,"date":"2021-09-01T07:20:17","date_gmt":"2021-09-01T07:20:17","guid":{"rendered":"https:\/\/mstrade.eu\/lubrykanty-medyczne\/"},"modified":"2022-03-15T19:51:41","modified_gmt":"2022-03-15T19:51:41","slug":"lubrykanty-medyczne","status":"publish","type":"page","link":"https:\/\/mstrade.eu\/pl\/lubrykanty-medyczne\/","title":{"rendered":"Lubrykanty medyczne"},"content":{"rendered":"\t\t<div data-elementor-type=\"wp-page\" data-elementor-id=\"1098\" class=\"elementor elementor-1098\" data-elementor-post-type=\"page\">\n\t\t\t\t\t\t<section class=\"elementor-section elementor-top-section elementor-element elementor-element-e9383c4 elementor-section-height-min-height elementor-section-items-stretch elementor-reverse-mobile elementor-section-boxed elementor-section-height-default\" data-id=\"e9383c4\" data-element_type=\"section\" data-e-type=\"section\">\n\t\t\t\t\t\t<div class=\"elementor-container elementor-column-gap-default\">\n\t\t\t\t\t<div class=\"elementor-column elementor-col-50 elementor-top-column elementor-element elementor-element-4cafaef\" data-id=\"4cafaef\" data-element_type=\"column\" data-e-type=\"column\">\n\t\t\t<div class=\"elementor-widget-wrap elementor-element-populated\">\n\t\t\t\t\t\t<div class=\"elementor-element elementor-element-8ad9145 elementor-widget elementor-widget-heading\" data-id=\"8ad9145\" data-element_type=\"widget\" data-e-type=\"widget\" data-widget_type=\"heading.default\">\n\t\t\t\t<div class=\"elementor-widget-container\">\n\t\t\t\t\t<h1 class=\"elementor-heading-title elementor-size-default\">\u017bele nawil\u017caj\u0105ce<\/h1>\t\t\t\t<\/div>\n\t\t\t\t<\/div>\n\t\t\t\t<div class=\"elementor-element elementor-element-1afaa90 elementor-widget elementor-widget-text-editor\" data-id=\"1afaa90\" data-element_type=\"widget\" data-e-type=\"widget\" data-widget_type=\"text-editor.default\">\n\t\t\t\t<div class=\"elementor-widget-container\">\n\t\t\t\t\t\t\t\t\t<table class=\"custom-table-3\">\n<tbody>\n<tr id=\"link-medical-silk\">\n<td class=\"notranslate\">DOER MEDICAL\u00ae SILK<\/td>\n<\/tr>\n<tr id=\"link-medical-aloe\">\n<td class=\"notranslate\">DOER MEDICAL\u00ae ALOE VERA &amp; VITAMIN E<\/td>\n<\/tr>\n<tr id=\"link-glide\">\n<td class=\"notranslate\">GLIDE\u00ae 4 YOU<\/td>\n<\/tr>\n\n<\/tr>\n<\/tbody>\n<\/table>\t\t\t\t\t\t\t\t<\/div>\n\t\t\t\t<\/div>\n\t\t\t\t\t<\/div>\n\t\t<\/div>\n\t\t\t\t<div class=\"elementor-column elementor-col-50 elementor-top-column elementor-element elementor-element-d78dffa\" data-id=\"d78dffa\" data-element_type=\"column\" data-e-type=\"column\" data-settings=\"{&quot;background_background&quot;:&quot;classic&quot;}\">\n\t\t\t<div class=\"elementor-widget-wrap elementor-element-populated\">\n\t\t\t\t\t\t<div class=\"elementor-element elementor-element-898ed34 elementor-hidden-desktop elementor-hidden-tablet elementor-widget elementor-widget-spacer\" data-id=\"898ed34\" data-element_type=\"widget\" data-e-type=\"widget\" data-widget_type=\"spacer.default\">\n\t\t\t\t<div class=\"elementor-widget-container\">\n\t\t\t\t\t\t\t<div class=\"elementor-spacer\">\n\t\t\t<div class=\"elementor-spacer-inner\"><\/div>\n\t\t<\/div>\n\t\t\t\t\t\t<\/div>\n\t\t\t\t<\/div>\n\t\t\t\t\t<\/div>\n\t\t<\/div>\n\t\t\t\t\t<\/div>\n\t\t<\/section>\n\t\t\t\t<section class=\"elementor-section elementor-top-section elementor-element elementor-element-9e77f80 elementor-hidden-desktop elementor-hidden-tablet elementor-hidden-mobile elementor-section-boxed elementor-section-height-default elementor-section-height-default\" data-id=\"9e77f80\" data-element_type=\"section\" data-e-type=\"section\">\n\t\t\t\t\t\t<div class=\"elementor-container elementor-column-gap-default\">\n\t\t\t\t\t<div class=\"elementor-column elementor-col-100 elementor-top-column elementor-element elementor-element-91cf355\" data-id=\"91cf355\" data-element_type=\"column\" data-e-type=\"column\">\n\t\t\t<div class=\"elementor-widget-wrap elementor-element-populated\">\n\t\t\t\t\t\t<div class=\"elementor-element elementor-element-f5f44bf elementor-widget elementor-widget-template\" data-id=\"f5f44bf\" data-element_type=\"widget\" data-e-type=\"widget\" data-widget_type=\"template.default\">\n\t\t\t\t<div class=\"elementor-widget-container\">\n\t\t\t\t\t\t\t<div class=\"elementor-template\">\n\t\t\t\t\t<div data-elementor-type=\"section\" data-elementor-id=\"427\" class=\"elementor elementor-427\" data-elementor-post-type=\"elementor_library\">\n\t\t\t\t\t<section class=\"elementor-section elementor-top-section elementor-element elementor-element-70b151a0 elementor-section-boxed elementor-section-height-default elementor-section-height-default\" data-id=\"70b151a0\" data-element_type=\"section\" data-e-type=\"section\">\n\t\t\t\t\t\t<div class=\"elementor-container elementor-column-gap-default\">\n\t\t\t\t\t<div class=\"elementor-column elementor-col-100 elementor-top-column elementor-element elementor-element-314f7b05\" data-id=\"314f7b05\" data-element_type=\"column\" data-e-type=\"column\">\n\t\t\t<div class=\"elementor-widget-wrap elementor-element-populated\">\n\t\t\t\t\t\t<div class=\"elementor-element elementor-element-358cf2b3 elementor-widget elementor-widget-heading\" data-id=\"358cf2b3\" data-element_type=\"widget\" data-e-type=\"widget\" data-widget_type=\"heading.default\">\n\t\t\t\t<div class=\"elementor-widget-container\">\n\t\t\t\t\t<h2 class=\"elementor-heading-title elementor-size-default\">Na\u0161e produkty distribuuj\u00ed tyto l\u00e9k\u00e1rensk\u00e9 velkoobchody<\/h2>\t\t\t\t<\/div>\n\t\t\t\t<\/div>\n\t\t\t\t<section class=\"elementor-section elementor-inner-section elementor-element elementor-element-486bf3aa elementor-section-boxed elementor-section-height-default elementor-section-height-default\" data-id=\"486bf3aa\" data-element_type=\"section\" data-e-type=\"section\">\n\t\t\t\t\t\t<div class=\"elementor-container elementor-column-gap-default\">\n\t\t\t\t\t<div class=\"elementor-column elementor-col-50 elementor-inner-column elementor-element elementor-element-3f7edb32\" data-id=\"3f7edb32\" data-element_type=\"column\" data-e-type=\"column\">\n\t\t\t<div class=\"elementor-widget-wrap elementor-element-populated\">\n\t\t\t\t\t\t<div class=\"elementor-element elementor-element-f993655 elementor-widget elementor-widget-image\" data-id=\"f993655\" data-element_type=\"widget\" data-e-type=\"widget\" data-widget_type=\"image.default\">\n\t\t\t\t<div class=\"elementor-widget-container\">\n\t\t\t\t\t\t\t\t\t\t\t\t\t\t\t\t<a href=\"https:\/\/www.alliance-healthcare.cz\/wps\/portal\/ah\" target=\"_blank\">\n\t\t\t\t\t\t\t<img decoding=\"async\" width=\"260\" height=\"99\" src=\"https:\/\/mstrade.eu\/wp-content\/uploads\/2021\/08\/Group-1659.png\" class=\"attachment-large size-large wp-image-898\" alt=\"\" \/>\t\t\t\t\t\t\t\t<\/a>\n\t\t\t\t\t\t\t\t\t\t\t\t\t\t\t<\/div>\n\t\t\t\t<\/div>\n\t\t\t\t\t<\/div>\n\t\t<\/div>\n\t\t\t\t<div class=\"elementor-column elementor-col-50 elementor-inner-column elementor-element elementor-element-2f991bf8\" data-id=\"2f991bf8\" data-element_type=\"column\" data-e-type=\"column\">\n\t\t\t<div class=\"elementor-widget-wrap elementor-element-populated\">\n\t\t\t\t\t\t<div class=\"elementor-element elementor-element-155e52a4 elementor-widget elementor-widget-image\" data-id=\"155e52a4\" data-element_type=\"widget\" data-e-type=\"widget\" data-widget_type=\"image.default\">\n\t\t\t\t<div class=\"elementor-widget-container\">\n\t\t\t\t\t\t\t\t\t\t\t\t\t\t\t\t<a href=\"http:\/\/www.phoenix.cz\/\" target=\"_blank\">\n\t\t\t\t\t\t\t<img decoding=\"async\" width=\"194\" height=\"74\" src=\"https:\/\/mstrade.eu\/wp-content\/uploads\/2021\/09\/Group-1674.png\" class=\"attachment-large size-large wp-image-966\" alt=\"\" \/>\t\t\t\t\t\t\t\t<\/a>\n\t\t\t\t\t\t\t\t\t\t\t\t\t\t\t<\/div>\n\t\t\t\t<\/div>\n\t\t\t\t\t<\/div>\n\t\t<\/div>\n\t\t\t\t\t<\/div>\n\t\t<\/section>\n\t\t\t\t\t<\/div>\n\t\t<\/div>\n\t\t\t\t\t<\/div>\n\t\t<\/section>\n\t\t\t\t<\/div>\n\t\t\t\t<\/div>\n\t\t\t\t\t\t<\/div>\n\t\t\t\t<\/div>\n\t\t\t\t\t<\/div>\n\t\t<\/div>\n\t\t\t\t\t<\/div>\n\t\t<\/section>\n\t\t\t\t<section class=\"elementor-section elementor-top-section elementor-element elementor-element-c831828 elementor-section-full_width elementor-section-height-default elementor-section-height-default\" data-id=\"c831828\" data-element_type=\"section\" data-e-type=\"section\" id=\"medical-silk\" data-settings=\"{&quot;background_background&quot;:&quot;classic&quot;}\">\n\t\t\t\t\t\t<div class=\"elementor-container elementor-column-gap-default\">\n\t\t\t\t\t<div class=\"elementor-column elementor-col-50 elementor-top-column elementor-element elementor-element-aad3afb\" data-id=\"aad3afb\" data-element_type=\"column\" data-e-type=\"column\">\n\t\t\t<div class=\"elementor-widget-wrap elementor-element-populated\">\n\t\t\t\t\t\t<div class=\"elementor-element elementor-element-38fe611 notranslate elementor-widget elementor-widget-heading\" data-id=\"38fe611\" data-element_type=\"widget\" data-e-type=\"widget\" data-widget_type=\"heading.default\">\n\t\t\t\t<div class=\"elementor-widget-container\">\n\t\t\t\t\t<h2 class=\"elementor-heading-title elementor-size-default\">DOER MEDICAL\u00ae SILK<\/h2>\t\t\t\t<\/div>\n\t\t\t\t<\/div>\n\t\t\t\t<div class=\"elementor-element elementor-element-08efd1b elementor-widget elementor-widget-text-editor\" data-id=\"08efd1b\" data-element_type=\"widget\" data-e-type=\"widget\" data-widget_type=\"text-editor.default\">\n\t\t\t\t<div class=\"elementor-widget-container\">\n\t\t\t\t\t\t\t\t\tjest nawil\u017aaj\u0105cy \u017cel intymny na bazie silikonu, mi\u0119kki jak aksamit specialne przezna\u0107ony dla kobiet s senzitiwnou i suchou sk\u00f3rou. Nie wysycha, piel\u0119gnuje i chroni sk\u00f3r\u0119. Nie grudkuje sze, nikdy sze nie kleji.Bezwonny i pozbawiony smaku. Nie zawiera konserwant\u00f3w, perfum, oleju ani t\u0142uszczy. Nie zatyka por\u00f3w sk\u00f3ry, do u\u017cytku codziennego jako \u015brodek ochronny i piel\u0119gnacyjny. Zostavia sk\u00f3ru mi\u0119kkou jak aksamit. Chroni pochw\u0119 przy aplikac\u00edi tamponu. Znacznie zbogaca intymna doznania obuch partner\u00f3w. Doskona\u0142y \u017cel i do masa\u017cu.Spos\u00f3b u\u017cycia: Rozprowadzi\u0107 na ciele kde jest potrzebne nawil\u017aenie niewielk\u0105 ilo\u015b\u0107 \u017celu w zale\u017cno\u015bci od indywidualnych preferencji (wystarcza ju\u017c kilka kropel). Uwaga: \u017bel nale\u017cy przechowywa\u0107 w temperaturze pokojowej i chroni\u0107 przed s\u0142o\u0144cem. \u017bel nie jest \u015brodkiem antykoncepcyjnym. Nie zawiera wody. Rekomenduje si\u0119 do stosowania s prezerwatywami!\t\t\t\t\t\t\t\t<\/div>\n\t\t\t\t<\/div>\n\t\t\t\t<div class=\"elementor-element elementor-element-407eb59 custom-table-2 elementor-widget elementor-widget-text-editor\" data-id=\"407eb59\" data-element_type=\"widget\" data-e-type=\"widget\" data-widget_type=\"text-editor.default\">\n\t\t\t\t<div class=\"elementor-widget-container\">\n\t\t\t\t\t\t\t\t\t<table><tbody><tr><td>Opakowanie:<\/td><td>30 ml \/ 100 ml<\/td><\/tr><tr><td>Ingredients (INCI):<\/td><td>Dimethicone a Dimethiconol<\/td><\/tr><\/tbody><\/table>\t\t\t\t\t\t\t\t<\/div>\n\t\t\t\t<\/div>\n\t\t\t\t\t<\/div>\n\t\t<\/div>\n\t\t\t\t<div class=\"elementor-column elementor-col-50 elementor-top-column elementor-element elementor-element-6b496f9\" data-id=\"6b496f9\" data-element_type=\"column\" data-e-type=\"column\" data-settings=\"{&quot;background_background&quot;:&quot;classic&quot;}\">\n\t\t\t<div class=\"elementor-widget-wrap elementor-element-populated\">\n\t\t\t\t\t\t<div class=\"elementor-element elementor-element-1ecfdf7 elementor-hidden-desktop elementor-hidden-tablet elementor-widget elementor-widget-spacer\" data-id=\"1ecfdf7\" data-element_type=\"widget\" data-e-type=\"widget\" data-widget_type=\"spacer.default\">\n\t\t\t\t<div class=\"elementor-widget-container\">\n\t\t\t\t\t\t\t<div class=\"elementor-spacer\">\n\t\t\t<div class=\"elementor-spacer-inner\"><\/div>\n\t\t<\/div>\n\t\t\t\t\t\t<\/div>\n\t\t\t\t<\/div>\n\t\t\t\t\t<\/div>\n\t\t<\/div>\n\t\t\t\t\t<\/div>\n\t\t<\/section>\n\t\t\t\t<section class=\"elementor-section elementor-top-section elementor-element elementor-element-a966d5f elementor-section-full_width elementor-section-height-default elementor-section-height-default\" data-id=\"a966d5f\" data-element_type=\"section\" data-e-type=\"section\" id=\"aloe-vera\" data-settings=\"{&quot;background_background&quot;:&quot;classic&quot;}\">\n\t\t\t\t\t\t<div class=\"elementor-container elementor-column-gap-default\">\n\t\t\t\t\t<div class=\"elementor-column elementor-col-50 elementor-top-column elementor-element elementor-element-0f93250\" data-id=\"0f93250\" data-element_type=\"column\" data-e-type=\"column\" data-settings=\"{&quot;background_background&quot;:&quot;classic&quot;}\">\n\t\t\t<div class=\"elementor-widget-wrap elementor-element-populated\">\n\t\t\t\t\t\t<div class=\"elementor-element elementor-element-bb3eba3 elementor-hidden-desktop elementor-hidden-tablet elementor-widget elementor-widget-spacer\" data-id=\"bb3eba3\" data-element_type=\"widget\" data-e-type=\"widget\" data-widget_type=\"spacer.default\">\n\t\t\t\t<div class=\"elementor-widget-container\">\n\t\t\t\t\t\t\t<div class=\"elementor-spacer\">\n\t\t\t<div class=\"elementor-spacer-inner\"><\/div>\n\t\t<\/div>\n\t\t\t\t\t\t<\/div>\n\t\t\t\t<\/div>\n\t\t\t\t\t<\/div>\n\t\t<\/div>\n\t\t\t\t<div class=\"elementor-column elementor-col-50 elementor-top-column elementor-element elementor-element-4726e7e\" data-id=\"4726e7e\" data-element_type=\"column\" data-e-type=\"column\">\n\t\t\t<div class=\"elementor-widget-wrap elementor-element-populated\">\n\t\t\t\t\t\t<div class=\"elementor-element elementor-element-c787f47 notranslate elementor-widget elementor-widget-heading\" data-id=\"c787f47\" data-element_type=\"widget\" data-e-type=\"widget\" data-widget_type=\"heading.default\">\n\t\t\t\t<div class=\"elementor-widget-container\">\n\t\t\t\t\t<h2 class=\"elementor-heading-title elementor-size-default\">DOER MEDICAL\u00ae<br> ALOE VERA &amp; VITAMIN E<\/h2>\t\t\t\t<\/div>\n\t\t\t\t<\/div>\n\t\t\t\t<div class=\"elementor-element elementor-element-0b9c910 elementor-widget elementor-widget-text-editor\" data-id=\"0b9c910\" data-element_type=\"widget\" data-e-type=\"widget\" data-widget_type=\"text-editor.default\">\n\t\t\t\t<div class=\"elementor-widget-container\">\n\t\t\t\t\t\t\t\t\tLuksusowy, jedwabi\u015bcie g\u0142adki silikonowy preparat i balsam do cia\u0142a, \nprzeznaczony dla delikatnej i wra\u017cliwej sk\u00f3ry kobiety. Zawiera ALOES VERA dzia\u0142aj\u0105cy jak antybiotyk przeciw stanom zapalnym, grzybicy. Zawiera r\u00f3wnie\u017c witamin\u0119 E (wspiera regeneracj\u0119 sk\u00f3ry, odm\u0142adza organizm i przyczynia si\u0119 do zwi\u0119kszenia potencji).\nProdukt jest bezzapachowy, bez konserwant\u00f3w. Specjalny sk\u0142ad powoduje nie klejenie si\u0119, sk\u00f3ra jest g\u0142adka, a pory s\u0105 nie zatkane. Efektywnie rozwi\u0105zuje objawy sucho\u015bci pochwy.\n\t\t\t\t\t\t\t\t<\/div>\n\t\t\t\t<\/div>\n\t\t\t\t<div class=\"elementor-element elementor-element-85c2574 custom-table-2 elementor-widget elementor-widget-text-editor\" data-id=\"85c2574\" data-element_type=\"widget\" data-e-type=\"widget\" data-widget_type=\"text-editor.default\">\n\t\t\t\t<div class=\"elementor-widget-container\">\n\t\t\t\t\t\t\t\t\t<table><tbody><tr><td>Opakowanie:<\/td><td>30 ml \/ 100 ml\u00a0<\/td><\/tr><tr><td>Ingredients (INCI):<\/td><td>Dimethicone, Dimethiconol, Glycine Soja Aloe Barbadensis, Tocopherol<\/td><\/tr><\/tbody><\/table>\t\t\t\t\t\t\t\t<\/div>\n\t\t\t\t<\/div>\n\t\t\t\t\t<\/div>\n\t\t<\/div>\n\t\t\t\t\t<\/div>\n\t\t<\/section>\n\t\t\t\t<section class=\"elementor-section elementor-top-section elementor-element elementor-element-aa8ae7e elementor-section-full_width elementor-section-height-default elementor-section-height-default\" data-id=\"aa8ae7e\" data-element_type=\"section\" data-e-type=\"section\" id=\"glide\" data-settings=\"{&quot;background_background&quot;:&quot;classic&quot;}\">\n\t\t\t\t\t\t<div class=\"elementor-container elementor-column-gap-default\">\n\t\t\t\t\t<div class=\"elementor-column elementor-col-50 elementor-top-column elementor-element elementor-element-092c4ae\" data-id=\"092c4ae\" data-element_type=\"column\" data-e-type=\"column\" data-settings=\"{&quot;background_background&quot;:&quot;classic&quot;}\">\n\t\t\t<div class=\"elementor-widget-wrap elementor-element-populated\">\n\t\t\t\t\t\t<div class=\"elementor-element elementor-element-bd148b1 elementor-hidden-desktop elementor-hidden-tablet elementor-widget elementor-widget-spacer\" data-id=\"bd148b1\" data-element_type=\"widget\" data-e-type=\"widget\" data-widget_type=\"spacer.default\">\n\t\t\t\t<div class=\"elementor-widget-container\">\n\t\t\t\t\t\t\t<div class=\"elementor-spacer\">\n\t\t\t<div class=\"elementor-spacer-inner\"><\/div>\n\t\t<\/div>\n\t\t\t\t\t\t<\/div>\n\t\t\t\t<\/div>\n\t\t\t\t\t<\/div>\n\t\t<\/div>\n\t\t\t\t<div class=\"elementor-column elementor-col-50 elementor-top-column elementor-element elementor-element-662850f\" data-id=\"662850f\" data-element_type=\"column\" data-e-type=\"column\">\n\t\t\t<div class=\"elementor-widget-wrap elementor-element-populated\">\n\t\t\t\t\t\t<div class=\"elementor-element elementor-element-924d36b notranslate elementor-widget elementor-widget-heading\" data-id=\"924d36b\" data-element_type=\"widget\" data-e-type=\"widget\" data-widget_type=\"heading.default\">\n\t\t\t\t<div class=\"elementor-widget-container\">\n\t\t\t\t\t<h2 class=\"elementor-heading-title elementor-size-default\">GLIDE\u00ae 4 YOU<\/h2>\t\t\t\t<\/div>\n\t\t\t\t<\/div>\n\t\t\t\t<div class=\"elementor-element elementor-element-f6551cf elementor-widget elementor-widget-text-editor\" data-id=\"f6551cf\" data-element_type=\"widget\" data-e-type=\"widget\" data-widget_type=\"text-editor.default\">\n\t\t\t\t<div class=\"elementor-widget-container\">\n\t\t\t\t\t\t\t\t\tjest \u017cel mediczny, stworzony na bazie silikonu. Jest mi\u0119kki jak aksamit, bezwonny i pozbawiony smaku, pH neutralny. Nie zawiera konserwant\u00f3w, perfum, oleju ani t\u0142uszczy. Nie wysycha, nie grudkuje si\u0119, nie klei, nie zatyka por\u00f3w sk\u00f3ry. Jest doskona\u0142ym \u017celem do masa\u017cu.\nNie zawiera wody! Rekomenduje si\u0119 u\u017cywanie \u017celu przy stosowaniu prezerwatyw!\nSpos\u00f3b u\u017cycia: niewielk\u0105 ilo\u015b\u0107 \u017celu (w zale\u017cno\u015bci od indywidualnych potrzeb i preferencji)  nale\u017cy rozprowadzi\u0107 na ciele w miejscach, gdzie potrzebne jest nawil\u017cenie.\nUwaga: \u017cel nale\u017cy przechowywa\u0107 w temperaturze pokojowej i chroni\u0107 przed s\u0142o\u0144cem.\n\u017bel nie jest \u015brodkiem antykoncepcyjnym.\n\t\t\t\t\t\t\t\t<\/div>\n\t\t\t\t<\/div>\n\t\t\t\t<div class=\"elementor-element elementor-element-3964349 custom-table-2 elementor-widget elementor-widget-text-editor\" data-id=\"3964349\" data-element_type=\"widget\" data-e-type=\"widget\" data-widget_type=\"text-editor.default\">\n\t\t\t\t<div class=\"elementor-widget-container\">\n\t\t\t\t\t\t\t\t\t<table><tbody><tr><td>Opakowanie:<\/td><td>100 ml\u00a0<\/td><\/tr><tr><td>Ingredients (INCI):<\/td><td>Dimethicone a Dimethiconol<\/td><\/tr><\/tbody><\/table>\t\t\t\t\t\t\t\t<\/div>\n\t\t\t\t<\/div>\n\t\t\t\t\t<\/div>\n\t\t<\/div>\n\t\t\t\t\t<\/div>\n\t\t<\/section>\n\t\t\t\t<\/div>\n\t\t","protected":false},"excerpt":{"rendered":"<p>\u017bele nawil\u017caj\u0105ce DOER MEDICAL\u00ae SILK DOER MEDICAL\u00ae ALOE VERA &amp; VITAMIN E GLIDE\u00ae 4 YOU DOER MEDICAL\u00ae SILK jest nawil\u017aaj\u0105cy \u017cel intymny na bazie silikonu, mi\u0119kki jak aksamit specialne przezna\u0107ony dla kobiet s senzitiwnou i suchou sk\u00f3rou. Nie wysycha, piel\u0119gnuje i chroni sk\u00f3r\u0119. Nie grudkuje sze, nikdy sze nie kleji.Bezwonny i pozbawiony smaku. Nie zawiera [&hellip;]<\/p>\n","protected":false},"author":1,"featured_media":0,"parent":0,"menu_order":0,"comment_status":"closed","ping_status":"closed","template":"","meta":{"_acf_changed":false,"footnotes":""},"class_list":["post-1098","page","type-page","status-publish","hentry"],"acf":[],"_links":{"self":[{"href":"https:\/\/mstrade.eu\/pl\/wp-json\/wp\/v2\/pages\/1098","targetHints":{"allow":["GET"]}}],"collection":[{"href":"https:\/\/mstrade.eu\/pl\/wp-json\/wp\/v2\/pages"}],"about":[{"href":"https:\/\/mstrade.eu\/pl\/wp-json\/wp\/v2\/types\/page"}],"author":[{"embeddable":true,"href":"https:\/\/mstrade.eu\/pl\/wp-json\/wp\/v2\/users\/1"}],"replies":[{"embeddable":true,"href":"https:\/\/mstrade.eu\/pl\/wp-json\/wp\/v2\/comments?post=1098"}],"version-history":[{"count":18,"href":"https:\/\/mstrade.eu\/pl\/wp-json\/wp\/v2\/pages\/1098\/revisions"}],"predecessor-version":[{"id":1282,"href":"https:\/\/mstrade.eu\/pl\/wp-json\/wp\/v2\/pages\/1098\/revisions\/1282"}],"wp:attachment":[{"href":"https:\/\/mstrade.eu\/pl\/wp-json\/wp\/v2\/media?parent=1098"}],"curies":[{"name":"wp","href":"https:\/\/api.w.org\/{rel}","templated":true}]}}