{"id":1100,"date":"2021-08-25T12:22:08","date_gmt":"2021-08-25T12:22:08","guid":{"rendered":"https:\/\/mstrade.eu\/o-nas\/"},"modified":"2022-02-04T14:59:20","modified_gmt":"2022-02-04T14:59:20","slug":"o-nas","status":"publish","type":"page","link":"https:\/\/mstrade.eu\/pl\/o-nas\/","title":{"rendered":"O nas"},"content":{"rendered":"\t\t<div data-elementor-type=\"wp-page\" data-elementor-id=\"1100\" class=\"elementor elementor-1100 elementor-159\" data-elementor-post-type=\"page\">\n\t\t\t\t\t\t<section class=\"elementor-section elementor-top-section elementor-element elementor-element-8aa8881 elementor-section-height-min-height elementor-section-items-stretch elementor-reverse-mobile elementor-section-boxed elementor-section-height-default\" data-id=\"8aa8881\" data-element_type=\"section\" data-e-type=\"section\">\n\t\t\t\t\t\t<div class=\"elementor-container elementor-column-gap-default\">\n\t\t\t\t\t<div class=\"elementor-column elementor-col-50 elementor-top-column elementor-element elementor-element-c0048ee\" data-id=\"c0048ee\" data-element_type=\"column\" data-e-type=\"column\">\n\t\t\t<div class=\"elementor-widget-wrap elementor-element-populated\">\n\t\t\t\t\t\t<div class=\"elementor-element elementor-element-c348ff1 elementor-widget elementor-widget-heading\" data-id=\"c348ff1\" data-element_type=\"widget\" data-e-type=\"widget\" data-widget_type=\"heading.default\">\n\t\t\t\t<div class=\"elementor-widget-container\">\n\t\t\t\t\t<h1 class=\"elementor-heading-title elementor-size-default\">O nas<\/h1>\t\t\t\t<\/div>\n\t\t\t\t<\/div>\n\t\t\t\t<div class=\"elementor-element elementor-element-a60608e elementor-widget elementor-widget-text-editor\" data-id=\"a60608e\" data-element_type=\"widget\" data-e-type=\"widget\" data-widget_type=\"text-editor.default\">\n\t\t\t\t<div class=\"elementor-widget-container\">\n\t\t\t\t\t\t\t\t\t<p>Nasza firma MS TRADE sro powsta\u0142a w 1997 roku jako rodzinna firma konsultingowo-doradcza.<\/p><p>W 2000 roku skoncentrowali\u015bmy swoj\u0105 dzia\u0142alno\u015b\u0107 na handlu zagranicznym, kiedy zacz\u0119li\u015bmy importowa\u0107 chemikalia z Kanady. W 2001 roku nasza firma rozpocz\u0119\u0142a import i dystrybucj\u0119 wysokiej jako\u015bci smar\u00f3w silikonowych i wodnych z Niemiec.<\/p><p>Po wej\u015bciu Czech do Unii Europejskiej w 2004 roku nasza rodzinna firma rozszerzy\u0142a swoj\u0105 dzia\u0142alno\u015b\u0107 na wszystkie rynki kraj\u00f3w cz\u0142onkowskich Unii Europejskiej.<\/p>\t\t\t\t\t\t\t\t<\/div>\n\t\t\t\t<\/div>\n\t\t\t\t\t<\/div>\n\t\t<\/div>\n\t\t\t\t<div class=\"elementor-column elementor-col-50 elementor-top-column elementor-element elementor-element-aac2b33\" data-id=\"aac2b33\" data-element_type=\"column\" data-e-type=\"column\" data-settings=\"{&quot;background_background&quot;:&quot;classic&quot;}\">\n\t\t\t<div class=\"elementor-widget-wrap elementor-element-populated\">\n\t\t\t\t\t\t<div class=\"elementor-element elementor-element-87ac2fd elementor-hidden-desktop elementor-hidden-tablet elementor-widget elementor-widget-spacer\" data-id=\"87ac2fd\" data-element_type=\"widget\" data-e-type=\"widget\" data-widget_type=\"spacer.default\">\n\t\t\t\t<div class=\"elementor-widget-container\">\n\t\t\t\t\t\t\t<div class=\"elementor-spacer\">\n\t\t\t<div class=\"elementor-spacer-inner\"><\/div>\n\t\t<\/div>\n\t\t\t\t\t\t<\/div>\n\t\t\t\t<\/div>\n\t\t\t\t\t<\/div>\n\t\t<\/div>\n\t\t\t\t\t<\/div>\n\t\t<\/section>\n\t\t\t\t<\/div>\n\t\t","protected":false},"excerpt":{"rendered":"<p>O nas Nasza firma MS TRADE sro powsta\u0142a w 1997 roku jako rodzinna firma konsultingowo-doradcza. W 2000 roku skoncentrowali\u015bmy swoj\u0105 dzia\u0142alno\u015b\u0107 na handlu zagranicznym, kiedy zacz\u0119li\u015bmy importowa\u0107 chemikalia z Kanady. W 2001 roku nasza firma rozpocz\u0119\u0142a import i dystrybucj\u0119 wysokiej jako\u015bci smar\u00f3w silikonowych i wodnych z Niemiec. Po wej\u015bciu Czech do Unii Europejskiej w 2004 [&hellip;]<\/p>\n","protected":false},"author":1,"featured_media":0,"parent":0,"menu_order":0,"comment_status":"closed","ping_status":"closed","template":"","meta":{"_acf_changed":false,"footnotes":""},"class_list":["post-1100","page","type-page","status-publish","hentry"],"acf":[],"_links":{"self":[{"href":"https:\/\/mstrade.eu\/pl\/wp-json\/wp\/v2\/pages\/1100","targetHints":{"allow":["GET"]}}],"collection":[{"href":"https:\/\/mstrade.eu\/pl\/wp-json\/wp\/v2\/pages"}],"about":[{"href":"https:\/\/mstrade.eu\/pl\/wp-json\/wp\/v2\/types\/page"}],"author":[{"embeddable":true,"href":"https:\/\/mstrade.eu\/pl\/wp-json\/wp\/v2\/users\/1"}],"replies":[{"embeddable":true,"href":"https:\/\/mstrade.eu\/pl\/wp-json\/wp\/v2\/comments?post=1100"}],"version-history":[{"count":1,"href":"https:\/\/mstrade.eu\/pl\/wp-json\/wp\/v2\/pages\/1100\/revisions"}],"predecessor-version":[{"id":1101,"href":"https:\/\/mstrade.eu\/pl\/wp-json\/wp\/v2\/pages\/1100\/revisions\/1101"}],"wp:attachment":[{"href":"https:\/\/mstrade.eu\/pl\/wp-json\/wp\/v2\/media?parent=1100"}],"curies":[{"name":"wp","href":"https:\/\/api.w.org\/{rel}","templated":true}]}}